{"id":40,"date":"2016-09-12T15:28:15","date_gmt":"2016-09-12T13:28:15","guid":{"rendered":"http:\/\/bikinitest.ch\/cms\/?page_id=40"},"modified":"2025-10-15T14:57:28","modified_gmt":"2025-10-15T12:57:28","slug":"informations-association","status":"publish","type":"page","link":"https:\/\/bikinitest.ch\/cms\/informations\/informations-association\/","title":{"rendered":"Association"},"content":{"rendered":"<div class=\"wpb-content-wrapper\"><div class=\"vc_row wpb_row vc_row-fluid\"><div class=\"wpb_column vc_column_container vc_col-sm-3\"><div class=\"vc_column-inner\"><div class=\"wpb_wrapper\">\n\t<div class=\"wpb_text_column wpb_content_element\" >\n\t\t<div class=\"wpb_wrapper\">\n\t\t\t<h6><span style=\"color: #993300;\">PRESIDENCE<br \/>\n<\/span>ARNAUD ZURCHER<\/h6>\n<h6><span style=\"color: #993300;\">SECR\u00c9TAIRE<\/span><br \/>\nCHARLOTTE SCH\u00c4R<\/h6>\n<h6><span class=\"text-red\" style=\"color: #993300;\">CAISSIER<\/span><br \/>\nVINCENT DELBRUY\u00c8RE<\/h6>\n<h6><span style=\"color: #993300;\">ADMINISTRATRICE<\/span><br \/>\nCAROL LE COURTOIS<\/h6>\n<h6><span class=\"text-red\"><span style=\"color: #993300;\">PROGRAMMATION &#8211;<br \/>\n<\/span><span style=\"color: #993300;\">PROMOTION &#8211; COORDINATION<\/span><br \/>\n<\/span>JOAN DUBOIS<\/h6>\n<h6><span class=\"text-red\"><span style=\"color: #993300;\">PROGRAMMATION<\/span><br \/>\n<\/span>THOMAS MENANT<\/h6>\n<h6><span style=\"color: #993300;\"><span style=\"caret-color: #993300;\">COMMUNICATION &#8211; PRESSE<\/span><\/span><br \/>\nAMARANDE L\u00c9CHOT<\/h6>\n<h6><span class=\"text-red\" style=\"color: #993300;\">RESPONSABLE DES B\u00c9N\u00c9VOLES<\/span><br \/>\nCristiano Carvalho<\/h6>\n<h6><span class=\"text-red\" style=\"color: #993300;\">RESPONSABLE TECHNIQUE<\/span><br \/>\nGWENAEL BONFANTI<\/h6>\n<h6><span style=\"color: #993300;\">INTENDANCE<\/span><br \/>\nPAPE DIAKHAT\u00c9<\/h6>\n<h6><span class=\"text-red\" style=\"color: #993300;\">\u00c9GALEMENT DU COMIT\u00c9<\/span><br \/>\nAlban Droz<br \/>\nLucien Sch\u00e4r<br \/>\nMaurane Caseux<br \/>\nMila Evard<\/h6>\n\n\t\t<\/div>\n\t<\/div>\n<\/div><\/div><\/div><div class=\"wpb_column vc_column_container vc_col-sm-9\"><div class=\"vc_column-inner\"><div class=\"wpb_wrapper\">\n\t<div class=\"wpb_text_column wpb_content_element\" >\n\t\t<div class=\"wpb_wrapper\">\n\t\t\t<p>N\u00e9 en 1988, le KA est une association \u00e0 but non-lucratif qui g\u00e8re depuis 1992 une salle de concerts situ\u00e9e dans les Anciens moulins de la ville de La Chaux-de-Fonds : le Bikini Test. Ce p\u00f4le vivant de l\u2019offre culturelle de la r\u00e9gion, d\u00e9sormais trentenaire, n\u2019a eu de cesse d\u2019\u0153uvrer en particulier \u00e0 la promotion et la valorisation des musiques actuelles sous leurs formes les plus diverses.<\/p>\n\n\t\t<\/div>\n\t<\/div>\n<\/div><\/div><\/div><\/div>\n<\/div>"},"excerpt":{"rendered":"<p>[vc_row][vc_column width=\u00a0\u00bb1\/4&Prime;][vc_column_text css=\u00a0\u00bb\u00a0\u00bb] PRESIDENCE ARNAUD ZURCHER SECR\u00c9TAIRE CHARLOTTE SCH\u00c4R CAISSIER VINCENT DELBRUY\u00c8RE ADMINISTRATRICE CAROL LE COURTOIS PROGRAMMATION &#8211; PROMOTION &#8211; COORDINATION JOAN DUBOIS PROGRAMMATION THOMAS MENANT COMMUNICATION &#8211; PRESSE AMARANDE L\u00c9CHOT RESPONSABLE DES B\u00c9N\u00c9VOLES Cristiano Carvalho RESPONSABLE TECHNIQUE GWENAEL BONFANTI INTENDANCE PAPE DIAKHAT\u00c9 \u00c9GALEMENT DU COMIT\u00c9 Alban Droz Lucien Sch\u00e4r Maurane Caseux Mila Evard [\/vc_column_text][\/vc_column][vc_column [&hellip;]<\/p>\n","protected":false},"author":3,"featured_media":0,"parent":7,"menu_order":0,"comment_status":"closed","ping_status":"closed","template":"","meta":{"footnotes":""},"class_list":["post-40","page","type-page","status-publish","hentry"],"yoast_head":"<!-- This site is optimized with the Yoast SEO plugin v27.3 - https:\/\/yoast.com\/product\/yoast-seo-wordpress\/ -->\n<title>Association - Bikini Test<\/title>\n<meta name=\"robots\" content=\"index, follow, max-snippet:-1, max-image-preview:large, max-video-preview:-1\" \/>\n<link rel=\"canonical\" href=\"https:\/\/bikinitest.ch\/cms\/informations\/informations-association\/\" \/>\n<meta property=\"og:locale\" content=\"fr_FR\" \/>\n<meta property=\"og:type\" content=\"article\" \/>\n<meta property=\"og:title\" content=\"Association - Bikini Test\" \/>\n<meta property=\"og:description\" content=\"[vc_row][vc_column width=\u00a0\u00bb1\/4&Prime;][vc_column_text css=\u00a0\u00bb\u00a0\u00bb] PRESIDENCE ARNAUD ZURCHER SECR\u00c9TAIRE CHARLOTTE SCH\u00c4R CAISSIER VINCENT DELBRUY\u00c8RE ADMINISTRATRICE CAROL LE COURTOIS PROGRAMMATION &#8211; PROMOTION &#8211; COORDINATION JOAN DUBOIS PROGRAMMATION THOMAS MENANT COMMUNICATION &#8211; PRESSE AMARANDE L\u00c9CHOT RESPONSABLE DES B\u00c9N\u00c9VOLES Cristiano Carvalho RESPONSABLE TECHNIQUE GWENAEL BONFANTI INTENDANCE PAPE DIAKHAT\u00c9 \u00c9GALEMENT DU COMIT\u00c9 Alban Droz Lucien Sch\u00e4r Maurane Caseux Mila Evard [\/vc_column_text][\/vc_column][vc_column [&hellip;]\" \/>\n<meta property=\"og:url\" content=\"https:\/\/bikinitest.ch\/cms\/informations\/informations-association\/\" \/>\n<meta property=\"og:site_name\" content=\"Bikini Test\" \/>\n<meta property=\"article:publisher\" content=\"https:\/\/www.facebook.com\/bikinitest\" \/>\n<meta property=\"article:modified_time\" content=\"2025-10-15T12:57:28+00:00\" \/>\n<meta name=\"twitter:card\" content=\"summary_large_image\" \/>\n<meta name=\"twitter:site\" content=\"@bikinitest\" \/>\n<meta name=\"twitter:label1\" content=\"Dur\u00e9e de lecture estim\u00e9e\" \/>\n\t<meta name=\"twitter:data1\" content=\"1 minute\" \/>\n<script type=\"application\/ld+json\" class=\"yoast-schema-graph\">{\"@context\":\"https:\\\/\\\/schema.org\",\"@graph\":[{\"@type\":\"WebPage\",\"@id\":\"https:\\\/\\\/bikinitest.ch\\\/cms\\\/informations\\\/informations-association\\\/\",\"url\":\"https:\\\/\\\/bikinitest.ch\\\/cms\\\/informations\\\/informations-association\\\/\",\"name\":\"Association - Bikini Test\",\"isPartOf\":{\"@id\":\"https:\\\/\\\/bikinitest.ch\\\/cms\\\/#website\"},\"datePublished\":\"2016-09-12T13:28:15+00:00\",\"dateModified\":\"2025-10-15T12:57:28+00:00\",\"breadcrumb\":{\"@id\":\"https:\\\/\\\/bikinitest.ch\\\/cms\\\/informations\\\/informations-association\\\/#breadcrumb\"},\"inLanguage\":\"fr-FR\",\"potentialAction\":[{\"@type\":\"ReadAction\",\"target\":[\"https:\\\/\\\/bikinitest.ch\\\/cms\\\/informations\\\/informations-association\\\/\"]}]},{\"@type\":\"BreadcrumbList\",\"@id\":\"https:\\\/\\\/bikinitest.ch\\\/cms\\\/informations\\\/informations-association\\\/#breadcrumb\",\"itemListElement\":[{\"@type\":\"ListItem\",\"position\":1,\"name\":\"Accueil\",\"item\":\"https:\\\/\\\/bikinitest.ch\\\/cms\\\/\"},{\"@type\":\"ListItem\",\"position\":2,\"name\":\"Informations\",\"item\":\"https:\\\/\\\/bikinitest.ch\\\/cms\\\/informations\\\/\"},{\"@type\":\"ListItem\",\"position\":3,\"name\":\"Association\"}]},{\"@type\":\"WebSite\",\"@id\":\"https:\\\/\\\/bikinitest.ch\\\/cms\\\/#website\",\"url\":\"https:\\\/\\\/bikinitest.ch\\\/cms\\\/\",\"name\":\"Bikini Test\",\"description\":\"Un site utilisant WordPress\",\"publisher\":{\"@id\":\"https:\\\/\\\/bikinitest.ch\\\/cms\\\/#organization\"},\"potentialAction\":[{\"@type\":\"SearchAction\",\"target\":{\"@type\":\"EntryPoint\",\"urlTemplate\":\"https:\\\/\\\/bikinitest.ch\\\/cms\\\/?s={search_term_string}\"},\"query-input\":{\"@type\":\"PropertyValueSpecification\",\"valueRequired\":true,\"valueName\":\"search_term_string\"}}],\"inLanguage\":\"fr-FR\"},{\"@type\":\"Organization\",\"@id\":\"https:\\\/\\\/bikinitest.ch\\\/cms\\\/#organization\",\"name\":\"Bikinitest\",\"url\":\"https:\\\/\\\/bikinitest.ch\\\/cms\\\/\",\"logo\":{\"@type\":\"ImageObject\",\"inLanguage\":\"fr-FR\",\"@id\":\"https:\\\/\\\/bikinitest.ch\\\/cms\\\/#\\\/schema\\\/logo\\\/image\\\/\",\"url\":\"https:\\\/\\\/bikinitest.ch\\\/cms\\\/wp-content\\\/uploads\\\/2020\\\/10\\\/logo_bikinitest.png\",\"contentUrl\":\"https:\\\/\\\/bikinitest.ch\\\/cms\\\/wp-content\\\/uploads\\\/2020\\\/10\\\/logo_bikinitest.png\",\"width\":120,\"height\":148,\"caption\":\"Bikinitest\"},\"image\":{\"@id\":\"https:\\\/\\\/bikinitest.ch\\\/cms\\\/#\\\/schema\\\/logo\\\/image\\\/\"},\"sameAs\":[\"https:\\\/\\\/www.facebook.com\\\/bikinitest\",\"https:\\\/\\\/x.com\\\/bikinitest\",\"https:\\\/\\\/www.instagram.com\\\/bikini_test\\\/\"]}]}<\/script>\n<!-- \/ Yoast SEO plugin. -->","yoast_head_json":{"title":"Association - Bikini Test","robots":{"index":"index","follow":"follow","max-snippet":"max-snippet:-1","max-image-preview":"max-image-preview:large","max-video-preview":"max-video-preview:-1"},"canonical":"https:\/\/bikinitest.ch\/cms\/informations\/informations-association\/","og_locale":"fr_FR","og_type":"article","og_title":"Association - Bikini Test","og_description":"[vc_row][vc_column width=\u00a0\u00bb1\/4&Prime;][vc_column_text css=\u00a0\u00bb\u00a0\u00bb] PRESIDENCE ARNAUD ZURCHER SECR\u00c9TAIRE CHARLOTTE SCH\u00c4R CAISSIER VINCENT DELBRUY\u00c8RE ADMINISTRATRICE CAROL LE COURTOIS PROGRAMMATION &#8211; PROMOTION &#8211; COORDINATION JOAN DUBOIS PROGRAMMATION THOMAS MENANT COMMUNICATION &#8211; PRESSE AMARANDE L\u00c9CHOT RESPONSABLE DES B\u00c9N\u00c9VOLES Cristiano Carvalho RESPONSABLE TECHNIQUE GWENAEL BONFANTI INTENDANCE PAPE DIAKHAT\u00c9 \u00c9GALEMENT DU COMIT\u00c9 Alban Droz Lucien Sch\u00e4r Maurane Caseux Mila Evard [\/vc_column_text][\/vc_column][vc_column [&hellip;]","og_url":"https:\/\/bikinitest.ch\/cms\/informations\/informations-association\/","og_site_name":"Bikini Test","article_publisher":"https:\/\/www.facebook.com\/bikinitest","article_modified_time":"2025-10-15T12:57:28+00:00","twitter_card":"summary_large_image","twitter_site":"@bikinitest","twitter_misc":{"Dur\u00e9e de lecture estim\u00e9e":"1 minute"},"schema":{"@context":"https:\/\/schema.org","@graph":[{"@type":"WebPage","@id":"https:\/\/bikinitest.ch\/cms\/informations\/informations-association\/","url":"https:\/\/bikinitest.ch\/cms\/informations\/informations-association\/","name":"Association - Bikini Test","isPartOf":{"@id":"https:\/\/bikinitest.ch\/cms\/#website"},"datePublished":"2016-09-12T13:28:15+00:00","dateModified":"2025-10-15T12:57:28+00:00","breadcrumb":{"@id":"https:\/\/bikinitest.ch\/cms\/informations\/informations-association\/#breadcrumb"},"inLanguage":"fr-FR","potentialAction":[{"@type":"ReadAction","target":["https:\/\/bikinitest.ch\/cms\/informations\/informations-association\/"]}]},{"@type":"BreadcrumbList","@id":"https:\/\/bikinitest.ch\/cms\/informations\/informations-association\/#breadcrumb","itemListElement":[{"@type":"ListItem","position":1,"name":"Accueil","item":"https:\/\/bikinitest.ch\/cms\/"},{"@type":"ListItem","position":2,"name":"Informations","item":"https:\/\/bikinitest.ch\/cms\/informations\/"},{"@type":"ListItem","position":3,"name":"Association"}]},{"@type":"WebSite","@id":"https:\/\/bikinitest.ch\/cms\/#website","url":"https:\/\/bikinitest.ch\/cms\/","name":"Bikini Test","description":"Un site utilisant WordPress","publisher":{"@id":"https:\/\/bikinitest.ch\/cms\/#organization"},"potentialAction":[{"@type":"SearchAction","target":{"@type":"EntryPoint","urlTemplate":"https:\/\/bikinitest.ch\/cms\/?s={search_term_string}"},"query-input":{"@type":"PropertyValueSpecification","valueRequired":true,"valueName":"search_term_string"}}],"inLanguage":"fr-FR"},{"@type":"Organization","@id":"https:\/\/bikinitest.ch\/cms\/#organization","name":"Bikinitest","url":"https:\/\/bikinitest.ch\/cms\/","logo":{"@type":"ImageObject","inLanguage":"fr-FR","@id":"https:\/\/bikinitest.ch\/cms\/#\/schema\/logo\/image\/","url":"https:\/\/bikinitest.ch\/cms\/wp-content\/uploads\/2020\/10\/logo_bikinitest.png","contentUrl":"https:\/\/bikinitest.ch\/cms\/wp-content\/uploads\/2020\/10\/logo_bikinitest.png","width":120,"height":148,"caption":"Bikinitest"},"image":{"@id":"https:\/\/bikinitest.ch\/cms\/#\/schema\/logo\/image\/"},"sameAs":["https:\/\/www.facebook.com\/bikinitest","https:\/\/x.com\/bikinitest","https:\/\/www.instagram.com\/bikini_test\/"]}]}},"_links":{"self":[{"href":"https:\/\/bikinitest.ch\/cms\/wp-json\/wp\/v2\/pages\/40","targetHints":{"allow":["GET"]}}],"collection":[{"href":"https:\/\/bikinitest.ch\/cms\/wp-json\/wp\/v2\/pages"}],"about":[{"href":"https:\/\/bikinitest.ch\/cms\/wp-json\/wp\/v2\/types\/page"}],"author":[{"embeddable":true,"href":"https:\/\/bikinitest.ch\/cms\/wp-json\/wp\/v2\/users\/3"}],"replies":[{"embeddable":true,"href":"https:\/\/bikinitest.ch\/cms\/wp-json\/wp\/v2\/comments?post=40"}],"version-history":[{"count":5,"href":"https:\/\/bikinitest.ch\/cms\/wp-json\/wp\/v2\/pages\/40\/revisions"}],"predecessor-version":[{"id":1794,"href":"https:\/\/bikinitest.ch\/cms\/wp-json\/wp\/v2\/pages\/40\/revisions\/1794"}],"up":[{"embeddable":true,"href":"https:\/\/bikinitest.ch\/cms\/wp-json\/wp\/v2\/pages\/7"}],"wp:attachment":[{"href":"https:\/\/bikinitest.ch\/cms\/wp-json\/wp\/v2\/media?parent=40"}],"curies":[{"name":"wp","href":"https:\/\/api.w.org\/{rel}","templated":true}]}}